{"id":650,"date":"2021-12-06T02:01:06","date_gmt":"2021-12-06T02:01:06","guid":{"rendered":"https:\/\/bslthemes.com\/luique\/?page_id=650"},"modified":"2026-01-30T18:29:32","modified_gmt":"2026-01-30T21:29:32","slug":"trabajos","status":"publish","type":"page","link":"https:\/\/hacedoresrh.com.ar\/?page_id=650","title":{"rendered":"B\u00fasquedas activas"},"content":{"rendered":"\t\t<div data-elementor-type=\"wp-page\" data-elementor-id=\"650\" class=\"elementor elementor-650\">\n\t\t\t\t\t\t<section class=\"elementor-section elementor-top-section elementor-element elementor-element-3619af7 elementor-section-full_width elementor-section-height-default elementor-section-height-default\" data-id=\"3619af7\" data-element_type=\"section\" data-e-type=\"section\">\n\t\t\t\t\t\t<div class=\"elementor-container elementor-column-gap-no\">\n\t\t\t\t\t<div class=\"elementor-column elementor-col-100 elementor-top-column elementor-element elementor-element-1a3c100\" data-id=\"1a3c100\" data-element_type=\"column\" data-e-type=\"column\">\n\t\t\t<div class=\"elementor-widget-wrap elementor-element-populated\">\n\t\t\t\t\t\t<section class=\"elementor-section elementor-inner-section elementor-element elementor-element-16c0dc7 elementor-section-boxed elementor-section-height-default elementor-section-height-default\" data-id=\"16c0dc7\" data-element_type=\"section\" data-e-type=\"section\">\n\t\t\t\t\t\t<div class=\"elementor-container elementor-column-gap-default\">\n\t\t\t\t\t<div class=\"elementor-column elementor-col-100 elementor-inner-column elementor-element elementor-element-fb816be\" data-id=\"fb816be\" data-element_type=\"column\" data-e-type=\"column\">\n\t\t\t<div class=\"elementor-widget-wrap elementor-element-populated\">\n\t\t\t\t\t\t<div class=\"elementor-element elementor-element-0996b9c elementor-widget elementor-widget-luique-section-heading\" data-id=\"0996b9c\" data-element_type=\"widget\" data-e-type=\"widget\" data-widget_type=\"luique-section-heading.default\">\n\t\t\t\t<div class=\"elementor-widget-container\">\n\t\t\t\t\t\n\t\t<!-- Section Heading -->\n\t\t\t\t<div class=\"m-titles\">\n\t\t\t\t\t\t<h2 class=\"m-title splitting-text-anim-1 scroll-animate\" data-splitting=\"words\" data-animate=\"active\">\n\t\t\t\t<span >\n\t\t\t\t\tB\u00fasquedas activas\t\t\t\t<\/span>\n\t\t\t<\/h2>\n\t\t\t\t\t\t\t\t\t<div class=\"m-subtitle splitting-text-anim-1 scroll-animate\" data-splitting=\"words\" data-animate=\"active\">\n\t\t\t\t<span >\n\t\t\t\t\tnuestros<b>Trabajos<\/b>\t\t\t\t<\/span>\n\t\t\t<\/div>\n\t\t\t\t\t<\/div>\n\t\t\n\t\t\t\t\t\t<\/div>\n\t\t\t\t<\/div>\n\t\t\t\t\t<\/div>\n\t\t<\/div>\n\t\t\t\t\t<\/div>\n\t\t<\/section>\n\t\t\t\t<section class=\"elementor-section elementor-inner-section elementor-element elementor-element-b6512e8 v-line v-line-right v-line-top elementor-section-boxed elementor-section-height-default elementor-section-height-default\" data-id=\"b6512e8\" data-element_type=\"section\" data-e-type=\"section\">\n\t\t\t\t\t\t<div class=\"elementor-container elementor-column-gap-default\">\n\t\t\t\t\t<div class=\"elementor-column elementor-col-100 elementor-inner-column elementor-element elementor-element-4fe3b3e\" data-id=\"4fe3b3e\" data-element_type=\"column\" data-e-type=\"column\">\n\t\t\t<div class=\"elementor-widget-wrap elementor-element-populated\">\n\t\t\t\t\t\t<div class=\"elementor-element elementor-element-3b91418 elementor-widget elementor-widget-luique-portfolio-module\" data-id=\"3b91418\" data-element_type=\"widget\" data-e-type=\"widget\" data-widget_type=\"luique-portfolio-module.default\">\n\t\t\t\t<div class=\"elementor-widget-container\">\n\t\t\t\t\t\n\t\t<!-- Works -->\n    <div class=\"works-box\">\n\n  \t\t  \t\t<div class=\"filter-links scrolla-element-anim-1 scroll-animate\" data-animate=\"active\">\n  \t\t\t<a href=\"#\" class=\"lui-subtitle active\" data-href=\".works-col\">\n  \t\t\t\tAll  \t\t\t<\/a>\n  \t\t\t  \t\t\t<a href=\"#\" class=\"lui-subtitle\" data-href=\".sorting-ventas\">\n  \t\t\t\tVentas  \t\t\t<\/a>\n  \t\t\t  \t\t\t<a href=\"#\" class=\"lui-subtitle\" data-href=\".sorting-rrhh\">\n  \t\t\t\tRRHH  \t\t\t<\/a>\n  \t\t\t  \t\t\t<a href=\"#\" class=\"lui-subtitle\" data-href=\".sorting-civil\">\n  \t\t\t\tIngenier\u00eda Civil  \t\t\t<\/a>\n  \t\t\t  \t\t\t<a href=\"#\" class=\"lui-subtitle\" data-href=\".sorting-administracion\">\n  \t\t\t\tAdministraci\u00f3n  \t\t\t<\/a>\n  \t\t\t  \t\t<\/div>\n  \t\t\n  \t\t  \t\t<div class=\"works-items works-masonry-items row\">\n  \t\t\t\n\n<div class=\"works-col col-xs-12 col-sm-12 col-md-12 col-lg-12 sorting-civil \">\n\t<div class=\"works-item scrolla-element-anim-1 scroll-animate\" data-animate=\"active\">\n\t\t<a href=\"https:\/\/hacedoresrh.com.ar\/?portfolio=obra\" class=\"\">\n\t\t\t\t\t\t<div class=\"desc\">\n\t\t\t\t\t\t<span class=\"category\">\n\t\t\t\tIngenier\u00eda Civil \t\t\t<\/span>\n\t\t\t\t\t\t\t\t\t<h5 class=\"name\">\n\t\t\t\tJefe de Obra\t\t\t<\/h5>\n\t\t\t\t\t\t\t\t\t<div class=\"text\">\n\t\t\t\t<p>Ser\u00e1 responsable de la planificaci\u00f3n, coordinaci\u00f3n y ejecuci\u00f3n integral de obras, asegurando el cumplimiento de plazos, costos, calidad y est\u00e1ndares de seguridad.<\/p>\n\t\t\t<\/div>\n\t\t\t\t\t\t<span class=\"lnk\">\n\t\t\t\tSee project\t\t\t<\/span>\n\t\t<\/div>\n\t\t\t\t\t\t<div class=\"bg-img\" style=\"background-image: url(https:\/\/hacedoresrh.com.ar\/wp-content\/uploads\/2022\/09\/pat-2.png);\"><\/div>\n\t\t\t\t<\/a>\n\t\t\t<\/div>\n<\/div>\n\n\n<div class=\"works-col col-xs-12 col-sm-12 col-md-12 col-lg-12 sorting-administracion \">\n\t<div class=\"works-item scrolla-element-anim-1 scroll-animate\" data-animate=\"active\">\n\t\t<a href=\"https:\/\/hacedoresrh.com.ar\/?portfolio=administracion\" class=\"\">\n\t\t\t\t\t\t<div class=\"desc\">\n\t\t\t\t\t\t<span class=\"category\">\n\t\t\t\tAdministraci\u00f3n \t\t\t<\/span>\n\t\t\t\t\t\t\t\t\t<h5 class=\"name\">\n\t\t\t\tAdministraci\u00f3n contable\t\t\t<\/h5>\n\t\t\t\t\t\t\t\t\t<div class=\"text\">\n\t\t\t\t<p>En esta posici\u00f3n, el candidato seleccionado se enfocar\u00e1 en la Administraci\u00f3n de consorcios y la gesti\u00f3n de alquileres.<\/p>\n\t\t\t<\/div>\n\t\t\t\t\t\t<span class=\"lnk\">\n\t\t\t\tSee project\t\t\t<\/span>\n\t\t<\/div>\n\t\t\t\t\t\t<div class=\"bg-img\" style=\"background-image: url(https:\/\/hacedoresrh.com.ar\/wp-content\/uploads\/2022\/09\/pat-2.png);\"><\/div>\n\t\t\t\t<\/a>\n\t\t\t<\/div>\n<\/div>\n\n\n<div class=\"works-col col-xs-12 col-sm-12 col-md-12 col-lg-12 sorting-ventas \">\n\t<div class=\"works-item scrolla-element-anim-1 scroll-animate\" data-animate=\"active\">\n\t\t<a href=\"https:\/\/hacedoresrh.com.ar\/?portfolio=vendedorconstruccion\" class=\"\">\n\t\t\t\t\t\t<div class=\"desc\">\n\t\t\t\t\t\t<span class=\"category\">\n\t\t\t\tVentas \t\t\t<\/span>\n\t\t\t\t\t\t\t\t\t<h5 class=\"name\">\n\t\t\t\tVendedor rubro construcci\u00f3n\t\t\t<\/h5>\n\t\t\t\t\t\t\t\t\t<div class=\"text\">\n\t\t\t\t<p>Buscamos una persona de ventas para corral\u00f3n de la ciudad de Rosario ubicado en la zona Noroeste de la ciudad.<\/p>\n\t\t\t<\/div>\n\t\t\t\t\t\t<span class=\"lnk\">\n\t\t\t\tSee project\t\t\t<\/span>\n\t\t<\/div>\n\t\t\t\t\t\t<div class=\"bg-img\" style=\"background-image: url(https:\/\/hacedoresrh.com.ar\/wp-content\/uploads\/2022\/09\/pat-2.png);\"><\/div>\n\t\t\t\t<\/a>\n\t\t\t<\/div>\n<\/div>\n\n\n<div class=\"works-col col-xs-12 col-sm-12 col-md-12 col-lg-12 sorting-rrhh \">\n\t<div class=\"works-item scrolla-element-anim-1 scroll-animate\" data-animate=\"active\">\n\t\t<a href=\"https:\/\/hacedoresrh.com.ar\/?portfolio=compensaciones\" class=\"\">\n\t\t\t\t\t\t<div class=\"desc\">\n\t\t\t\t\t\t<span class=\"category\">\n\t\t\t\tRRHH \t\t\t<\/span>\n\t\t\t\t\t\t\t\t\t<h5 class=\"name\">\n\t\t\t\tAnalista de compensaciones\t\t\t<\/h5>\n\t\t\t\t\t\t\t\t\t<div class=\"text\">\n\t\t\t\t<p>Estamos en la b\u00fasqueda de un Analista de Compensaciones para sumarse a nuestro cliente en Rosario, Santa Fe. <\/p>\n\t\t\t<\/div>\n\t\t\t\t\t\t<span class=\"lnk\">\n\t\t\t\tSee project\t\t\t<\/span>\n\t\t<\/div>\n\t\t\t\t\t\t<div class=\"bg-img\" style=\"background-image: url(https:\/\/hacedoresrh.com.ar\/wp-content\/uploads\/2022\/09\/pat-2.png);\"><\/div>\n\t\t\t\t<\/a>\n\t\t\t<\/div>\n<\/div>\n  \t\t<\/div>\n      \n      \t\t\t\t\t\t  \t\t\n\t\t<\/div>\n\n\t\t\t\t\t\t<\/div>\n\t\t\t\t<\/div>\n\t\t\t\t\t<\/div>\n\t\t<\/div>\n\t\t\t\t\t<\/div>\n\t\t<\/section>\n\t\t\t\t<div class=\"elementor-element elementor-element-6e3d6d3 elementor-widget elementor-widget-luique-bgtitle\" data-id=\"6e3d6d3\" data-element_type=\"widget\" data-e-type=\"widget\" data-widget_type=\"luique-bgtitle.default\">\n\t\t\t\t<div class=\"elementor-widget-container\">\n\t\t\t\t\t\n\t\t\t\t<div class=\"lui-bgtitle\">\n\t\t\t<span >\n\t\t\t\tPostulate\t\t\t<\/span>\n\t\t<\/div>\n\t\t\n\t\t\t\t\t\t<\/div>\n\t\t\t\t<\/div>\n\t\t\t\t\t<\/div>\n\t\t<\/div>\n\t\t\t\t\t<\/div>\n\t\t<\/section>\n\t\t<div class=\"elementor-element elementor-element-836fd50 e-flex e-con-boxed e-con e-parent\" data-id=\"836fd50\" data-element_type=\"container\" data-e-type=\"container\">\n\t\t\t\t\t<div class=\"e-con-inner\">\n\t\t\t\t<div class=\"elementor-element elementor-element-4e8c70a elementor-widget elementor-widget-luique-project-nav-links\" data-id=\"4e8c70a\" data-element_type=\"widget\" data-e-type=\"widget\" data-widget_type=\"luique-project-nav-links.default\">\n\t\t\t\t<div class=\"elementor-widget-container\">\n\t\t\t\t\t\n\t\t\n\t\t<!-- Navigation -->\n\t\t<div class=\"m-page-navigation\">\n\t\t\t<div class=\"row\">\n\t\t\t\t<div class=\"col-xs-12 col-sm-12 col-md-12 col-lg-12\">\n\t\t\t\t\t<div class=\"h-titles h-navs\">\n\t\t\t\t\t\t<a target=\"_blank\" href=\"https:\/\/hiringroom.com\/jobs\/get_vacancy\/6834b2bb8d749700c52a3868\/candidates\/new\">\n\t\t\t\t\t\t\t<span class=\"nav-arrow scrolla-element-anim-1 scroll-animate\" data-animate=\"active\">\n\t\t\t\t\t\t\t\t<span >\n\t\t\t\t\t\t\t\t\tsum\u00e1 tu cv\t\t\t\t\t\t\t\t<\/span>\n\t\t\t\t\t\t\t<\/span>\n\t\t\t\t\t\t\t<span class=\"h-title splitting-text-anim-2 scroll-animate\" data-splitting=\"chars\" data-animate=\"active\">\n\t\t\t\t\t\t\t\t<span >\n\t\t\t\t\t\t\t\t\tDej\u00e1 ac\u00e1 tu CV en nuestra base de datos\t\t\t\t\t\t\t\t<\/span>\n\t\t\t\t\t\t\t<\/span>\n\t\t\t\t\t\t<\/a>\n\t\t\t\t\t<\/div>\n\t\t\t\t<\/div>\n\t\t\t<\/div>\n\t\t<\/div>\n\n\t\t\n\t\t\t\t\t\t<\/div>\n\t\t\t\t<\/div>\n\t\t\t\t\t<\/div>\n\t\t\t\t<\/div>\n\t\t\t\t<\/div>\n\t\t","protected":false},"excerpt":{"rendered":"<p>B\u00fasquedas activas nuestrosTrabajos All RRHH RRHH Analista de compensaciones Estamos en la b\u00fasqueda de un Analista de Compensaciones para sumarse&#8230; <\/p>\n<div class=\"readmore\"><a href=\"https:\/\/hacedoresrh.com.ar\/?portfolio=compensaciones\" class=\"lnk\">Read more<\/a><\/div>\n","protected":false},"author":1,"featured_media":0,"parent":0,"menu_order":0,"comment_status":"closed","ping_status":"closed","template":"template-layout-builder.php","meta":{"_acf_changed":false,"om_disable_all_campaigns":false,"_monsterinsights_skip_tracking":false,"_monsterinsights_sitenote_active":false,"_monsterinsights_sitenote_note":"","_monsterinsights_sitenote_category":0,"footnotes":""},"class_list":["post-650","page","type-page","status-publish","hentry"],"acf":[],"aioseo_notices":[],"_links":{"self":[{"href":"https:\/\/hacedoresrh.com.ar\/index.php?rest_route=\/wp\/v2\/pages\/650","targetHints":{"allow":["GET"]}}],"collection":[{"href":"https:\/\/hacedoresrh.com.ar\/index.php?rest_route=\/wp\/v2\/pages"}],"about":[{"href":"https:\/\/hacedoresrh.com.ar\/index.php?rest_route=\/wp\/v2\/types\/page"}],"author":[{"embeddable":true,"href":"https:\/\/hacedoresrh.com.ar\/index.php?rest_route=\/wp\/v2\/users\/1"}],"replies":[{"embeddable":true,"href":"https:\/\/hacedoresrh.com.ar\/index.php?rest_route=%2Fwp%2Fv2%2Fcomments&post=650"}],"version-history":[{"count":11,"href":"https:\/\/hacedoresrh.com.ar\/index.php?rest_route=\/wp\/v2\/pages\/650\/revisions"}],"predecessor-version":[{"id":4395,"href":"https:\/\/hacedoresrh.com.ar\/index.php?rest_route=\/wp\/v2\/pages\/650\/revisions\/4395"}],"wp:attachment":[{"href":"https:\/\/hacedoresrh.com.ar\/index.php?rest_route=%2Fwp%2Fv2%2Fmedia&parent=650"}],"curies":[{"name":"wp","href":"https:\/\/api.w.org\/{rel}","templated":true}]}}